{"id":218,"date":"2025-03-26T08:16:51","date_gmt":"2025-03-26T08:16:51","guid":{"rendered":"https:\/\/abschleppdienst.com.pl\/?page_id=218"},"modified":"2025-03-26T12:24:19","modified_gmt":"2025-03-26T12:24:19","slug":"przeprowadzki","status":"publish","type":"page","link":"https:\/\/abschleppdienst.com.pl\/de\/przeprowadzki\/","title":{"rendered":"Umz\u00fcge"},"content":{"rendered":"\t\t<div data-elementor-type=\"wp-page\" data-elementor-id=\"218\" class=\"elementor elementor-218\" data-elementor-post-type=\"page\">\n\t\t\t\t<div class=\"elementor-element elementor-element-1621cf60 e-con-full e-flex e-con e-parent\" data-id=\"1621cf60\" data-element_type=\"container\" data-e-type=\"container\" data-settings=\"{&quot;background_background&quot;:&quot;classic&quot;}\">\n\t\t<div class=\"elementor-element elementor-element-2618d7e8 e-con-full e-flex e-con e-child\" data-id=\"2618d7e8\" data-element_type=\"container\" data-e-type=\"container\">\n\t\t\t\t<div class=\"elementor-element elementor-element-2c1910ca elementor-invisible elementor-widget elementor-widget-image\" data-id=\"2c1910ca\" data-element_type=\"widget\" data-e-type=\"widget\" data-settings=\"{&quot;_animation&quot;:&quot;fadeIn&quot;,&quot;_animation_delay&quot;:200}\" data-widget_type=\"image.default\">\n\t\t\t\t<div class=\"elementor-widget-container\">\n\t\t\t\t\t\t\t\t\t\t\t\t\t\t\t<img fetchpriority=\"high\" decoding=\"async\" width=\"800\" height=\"600\" src=\"https:\/\/abschleppdienst.com.pl\/wp-content\/uploads\/2025\/03\/V3.png\" class=\"attachment-large size-large wp-image-20\" alt=\"\" srcset=\"https:\/\/abschleppdienst.com.pl\/wp-content\/uploads\/2025\/03\/V3.png 800w, https:\/\/abschleppdienst.com.pl\/wp-content\/uploads\/2025\/03\/V3-300x225.png 300w, https:\/\/abschleppdienst.com.pl\/wp-content\/uploads\/2025\/03\/V3-768x576.png 768w\" sizes=\"(max-width: 800px) 100vw, 800px\" \/>\t\t\t\t\t\t\t\t\t\t\t\t\t\t\t<\/div>\n\t\t\t\t<\/div>\n\t\t\t\t<div class=\"elementor-element elementor-element-44d091b5 elementor-invisible elementor-widget elementor-widget-heading\" data-id=\"44d091b5\" data-element_type=\"widget\" data-e-type=\"widget\" data-settings=\"{&quot;_animation&quot;:&quot;fadeIn&quot;,&quot;_animation_delay&quot;:400}\" data-widget_type=\"heading.default\">\n\t\t\t\t<div class=\"elementor-widget-container\">\n\t\t\t\t\t<h2 class=\"elementor-heading-title elementor-size-default\">KACZMAREK<\/h2>\t\t\t\t<\/div>\n\t\t\t\t<\/div>\n\t\t\t\t<div class=\"elementor-element elementor-element-09e9c9b elementor-widget elementor-widget-heading\" data-id=\"09e9c9b\" data-element_type=\"widget\" data-e-type=\"widget\" data-widget_type=\"heading.default\">\n\t\t\t\t<div class=\"elementor-widget-container\">\n\t\t\t\t\t<h2 class=\"elementor-heading-title elementor-size-default\">+49 157 740 76 076<\/h2>\t\t\t\t<\/div>\n\t\t\t\t<\/div>\n\t\t\t\t<\/div>\n\t\t\t\t<\/div>\n\t\t<div class=\"elementor-element elementor-element-bec7cb3 e-con-full e-flex e-con e-parent\" data-id=\"bec7cb3\" data-element_type=\"container\" data-e-type=\"container\" data-settings=\"{&quot;background_background&quot;:&quot;classic&quot;,&quot;sticky&quot;:&quot;top&quot;,&quot;sticky_on&quot;:[&quot;desktop&quot;,&quot;tablet&quot;,&quot;mobile&quot;],&quot;sticky_offset&quot;:0,&quot;sticky_effects_offset&quot;:0,&quot;sticky_anchor_link_offset&quot;:0}\">\n\t\t\t\t<div class=\"elementor-element elementor-element-b4d620c uael-nav-menu__align-right uael-submenu-open-hover uael-submenu-icon-arrow uael-submenu-animation-none uael-link-redirect-child uael-nav-menu__breakpoint-tablet uael-nav-menu-toggle-label-no elementor-widget elementor-widget-global elementor-global-317 elementor-widget-uael-nav-menu\" data-id=\"b4d620c\" data-element_type=\"widget\" data-e-type=\"widget\" data-settings=\"{&quot;distance_from_menu&quot;:{&quot;unit&quot;:&quot;px&quot;,&quot;size&quot;:&quot;&quot;,&quot;sizes&quot;:[]},&quot;distance_from_menu_tablet&quot;:{&quot;unit&quot;:&quot;px&quot;,&quot;size&quot;:&quot;&quot;,&quot;sizes&quot;:[]},&quot;distance_from_menu_mobile&quot;:{&quot;unit&quot;:&quot;px&quot;,&quot;size&quot;:&quot;&quot;,&quot;sizes&quot;:[]}}\" data-widget_type=\"uael-nav-menu.default\">\n\t\t\t\t<div class=\"elementor-widget-container\">\n\t\t\t\t\t\t\t<div class=\"uael-nav-menu uael-layout-horizontal uael-nav-menu-layout uael-pointer__none\" data-layout=\"horizontal\">\n\t\t\t\t<div role=\"button\" class=\"uael-nav-menu__toggle elementor-clickable\">\n\t\t\t\t\t<span class=\"screen-reader-text\">Main Menu<\/span>\n\t\t\t\t\t<div class=\"uael-nav-menu-icon\">\n\t\t\t\t\t\t<svg aria-hidden=\"true\" class=\"e-font-icon-svg e-fas-align-justify\" viewBox=\"0 0 448 512\" xmlns=\"http:\/\/www.w3.org\/2000\/svg\"><path d=\"M432 416H16a16 16 0 0 0-16 16v32a16 16 0 0 0 16 16h416a16 16 0 0 0 16-16v-32a16 16 0 0 0-16-16zm0-128H16a16 16 0 0 0-16 16v32a16 16 0 0 0 16 16h416a16 16 0 0 0 16-16v-32a16 16 0 0 0-16-16zm0-128H16a16 16 0 0 0-16 16v32a16 16 0 0 0 16 16h416a16 16 0 0 0 16-16v-32a16 16 0 0 0-16-16zm0-128H16A16 16 0 0 0 0 48v32a16 16 0 0 0 16 16h416a16 16 0 0 0 16-16V48a16 16 0 0 0-16-16z\"><\/path><\/svg>\t\t\t\t\t<\/div>\n\t\t\t\t\t\t\t\t\t<\/div>\n\t\t\t\t\t\t\t<nav class=\"uael-nav-menu__layout-horizontal uael-nav-menu__submenu-arrow\" data-toggle-icon=\"&lt;svg aria-hidden=&quot;true&quot; class=&quot;e-font-icon-svg e-fas-align-justify&quot; viewBox=&quot;0 0 448 512&quot; xmlns=&quot;http:\/\/www.w3.org\/2000\/svg&quot;&gt;&lt;path d=&quot;M432 416H16a16 16 0 0 0-16 16v32a16 16 0 0 0 16 16h416a16 16 0 0 0 16-16v-32a16 16 0 0 0-16-16zm0-128H16a16 16 0 0 0-16 16v32a16 16 0 0 0 16 16h416a16 16 0 0 0 16-16v-32a16 16 0 0 0-16-16zm0-128H16a16 16 0 0 0-16 16v32a16 16 0 0 0 16 16h416a16 16 0 0 0 16-16v-32a16 16 0 0 0-16-16zm0-128H16A16 16 0 0 0 0 48v32a16 16 0 0 0 16 16h416a16 16 0 0 0 16-16V48a16 16 0 0 0-16-16z&quot;&gt;&lt;\/path&gt;&lt;\/svg&gt;\" data-close-icon=\"&lt;svg aria-hidden=&quot;true&quot; class=&quot;e-font-icon-svg e-far-window-close&quot; viewBox=&quot;0 0 512 512&quot; xmlns=&quot;http:\/\/www.w3.org\/2000\/svg&quot;&gt;&lt;path d=&quot;M464 32H48C21.5 32 0 53.5 0 80v352c0 26.5 21.5 48 48 48h416c26.5 0 48-21.5 48-48V80c0-26.5-21.5-48-48-48zm0 394c0 3.3-2.7 6-6 6H54c-3.3 0-6-2.7-6-6V86c0-3.3 2.7-6 6-6h404c3.3 0 6 2.7 6 6v340zM356.5 194.6L295.1 256l61.4 61.4c4.6 4.6 4.6 12.1 0 16.8l-22.3 22.3c-4.6 4.6-12.1 4.6-16.8 0L256 295.1l-61.4 61.4c-4.6 4.6-12.1 4.6-16.8 0l-22.3-22.3c-4.6-4.6-4.6-12.1 0-16.8l61.4-61.4-61.4-61.4c-4.6-4.6-4.6-12.1 0-16.8l22.3-22.3c4.6-4.6 12.1-4.6 16.8 0l61.4 61.4 61.4-61.4c4.6-4.6 12.1-4.6 16.8 0l22.3 22.3c4.7 4.6 4.7 12.1 0 16.8z&quot;&gt;&lt;\/path&gt;&lt;\/svg&gt;\" data-full-width=\"yes\"><ul id=\"menu-1-b4d620c\" class=\"uael-nav-menu\"><li id=\"menu-item-441\" class=\"menu-item menu-item-type-post_type menu-item-object-page menu-item-home parent uael-creative-menu\"><a href=\"https:\/\/abschleppdienst.com.pl\/de\/\" class = \"uael-menu-item\">Home<\/a><\/li>\n<li id=\"menu-item-509\" class=\"trp-language-switcher-container menu-item menu-item-type-post_type menu-item-object-language_switcher menu-item-has-children current-language-menu-item parent uael-has-submenu uael-creative-menu\"><div class=\"uael-has-submenu-container\"><a href=\"https:\/\/abschleppdienst.com.pl\/de\/wp-json\/wp\/v2\/pages\/218#TRPLINKPROCESSED\" class = \"uael-menu-item\"><span data-no-translation><img decoding=\"async\" class=\"trp-flag-image\" src=\"https:\/\/abschleppdienst.com.pl\/wp-content\/plugins\/translatepress-multilingual\/assets\/images\/flags\/de_DE.png\" width=\"18\" height=\"12\" alt=\"de_DE\" title=\"German\"><span class=\"trp-ls-language-name\">German<\/span><\/span><span class='uael-menu-toggle sub-arrow uael-menu-child-0'><i class='fa'><\/i><\/span><\/a><\/div>\n<ul class=\"sub-menu\">\n\t<li id=\"menu-item-511\" class=\"trp-language-switcher-container menu-item menu-item-type-post_type menu-item-object-language_switcher current-language-menu-item uael-creative-menu\"><a href=\"https:\/\/abschleppdienst.com.pl\/de\/wp-json\/wp\/v2\/pages\/218#TRPLINKPROCESSED\" class = \"uael-sub-menu-item\"><span data-no-translation><img decoding=\"async\" class=\"trp-flag-image\" src=\"https:\/\/abschleppdienst.com.pl\/wp-content\/plugins\/translatepress-multilingual\/assets\/images\/flags\/pl_PL.png\" width=\"18\" height=\"12\" alt=\"pl_PL\" title=\"Polish\"><span class=\"trp-ls-language-name\">Polish<\/span><\/span><\/a><\/li>\n\t<li id=\"menu-item-508\" class=\"trp-language-switcher-container menu-item menu-item-type-post_type menu-item-object-language_switcher current-language-menu-item uael-creative-menu\"><a href=\"https:\/\/abschleppdienst.com.pl\/de\/wp-json\/wp\/v2\/pages\/218#TRPLINKPROCESSED\" class = \"uael-sub-menu-item\"><span data-no-translation><img loading=\"lazy\" decoding=\"async\" class=\"trp-flag-image\" src=\"https:\/\/abschleppdienst.com.pl\/wp-content\/plugins\/translatepress-multilingual\/assets\/images\/flags\/nl_NL.png\" width=\"18\" height=\"12\" alt=\"nl_NL\" title=\"Dutch\"><span class=\"trp-ls-language-name\">Dutch<\/span><\/span><\/a><\/li>\n\t<li id=\"menu-item-507\" class=\"trp-language-switcher-container menu-item menu-item-type-post_type menu-item-object-language_switcher current-language-menu-item uael-creative-menu\"><a href=\"https:\/\/abschleppdienst.com.pl\/de\/wp-json\/wp\/v2\/pages\/218#TRPLINKPROCESSED\" class = \"uael-sub-menu-item\"><span data-no-translation><img loading=\"lazy\" decoding=\"async\" class=\"trp-flag-image\" src=\"https:\/\/abschleppdienst.com.pl\/wp-content\/plugins\/translatepress-multilingual\/assets\/images\/flags\/en_US.png\" width=\"18\" height=\"12\" alt=\"en_US\" title=\"English\"><span class=\"trp-ls-language-name\">English<\/span><\/span><\/a><\/li>\n<\/ul>\n<\/li>\n<li id=\"menu-item-448\" class=\"menu-item menu-item-type-custom menu-item-object-custom menu-item-has-children parent uael-has-submenu uael-creative-menu\"><div class=\"uael-has-submenu-container\"><a href=\"#\" class = \"uael-menu-item\">Nasze us\u0142ugi<span class='uael-menu-toggle sub-arrow uael-menu-child-0'><i class='fa'><\/i><\/span><\/a><\/div>\n<ul class=\"sub-menu\">\n\t<li id=\"menu-item-443\" class=\"menu-item menu-item-type-post_type menu-item-object-page uael-creative-menu\"><a href=\"https:\/\/abschleppdienst.com.pl\/de\/holowanie\/\" class = \"uael-sub-menu-item\">Autoholowanie<\/a><\/li>\n\t<li id=\"menu-item-445\" class=\"menu-item menu-item-type-post_type menu-item-object-page uael-creative-menu\"><a href=\"https:\/\/abschleppdienst.com.pl\/de\/mechanika\/\" class = \"uael-sub-menu-item\">Mechanika pojazdowa<\/a><\/li>\n\t<li id=\"menu-item-447\" class=\"menu-item menu-item-type-post_type menu-item-object-page uael-creative-menu\"><a href=\"https:\/\/abschleppdienst.com.pl\/de\/rezerwacja\/\" class = \"uael-sub-menu-item\">Wynajem aut<\/a><\/li>\n\t<li id=\"menu-item-446\" class=\"menu-item menu-item-type-post_type menu-item-object-page uael-creative-menu\"><a href=\"https:\/\/abschleppdienst.com.pl\/de\/przeprowadzki\/\" class = \"uael-sub-menu-item\">Przeprowadzki<\/a><\/li>\n\t<li id=\"menu-item-442\" class=\"menu-item menu-item-type-post_type menu-item-object-page uael-creative-menu\"><a href=\"https:\/\/abschleppdienst.com.pl\/de\/car-check1\/\" class = \"uael-sub-menu-item\">Pomoc przy zakupie aut<\/a><\/li>\n<\/ul>\n<\/li>\n<li id=\"menu-item-444\" class=\"menu-item menu-item-type-post_type menu-item-object-page parent uael-creative-menu\"><a href=\"https:\/\/abschleppdienst.com.pl\/de\/kontakt\/\" class = \"uael-menu-item\">Kontakt<\/a><\/li>\n<\/ul><\/nav>\n\t\t\t\t\t<\/div>\n\t\t\t\t\t\t\t<\/div>\n\t\t\t\t<\/div>\n\t\t\t\t<\/div>\n\t\t<div class=\"elementor-element elementor-element-399dc0d e-con-full e-flex e-con e-parent\" data-id=\"399dc0d\" data-element_type=\"container\" data-e-type=\"container\">\n\t\t\t\t<div class=\"elementor-element elementor-element-70cad43 elementor-widget elementor-widget-heading\" data-id=\"70cad43\" data-element_type=\"widget\" data-e-type=\"widget\" data-widget_type=\"heading.default\">\n\t\t\t\t<div class=\"elementor-widget-container\">\n\t\t\t\t\t<h2 class=\"elementor-heading-title elementor-size-default\">Bezstresowe przeprowadzki.<\/h2>\t\t\t\t<\/div>\n\t\t\t\t<\/div>\n\t\t\t\t<\/div>\n\t\t<div class=\"elementor-element elementor-element-ff5c005 e-con-full e-flex e-con e-parent\" data-id=\"ff5c005\" data-element_type=\"container\" data-e-type=\"container\">\n\t\t<div class=\"elementor-element elementor-element-f67fd8d e-con-full e-flex e-con e-child\" data-id=\"f67fd8d\" data-element_type=\"container\" data-e-type=\"container\">\n\t\t\t\t<div class=\"elementor-element elementor-element-39da21a elementor-widget elementor-widget-text-editor\" data-id=\"39da21a\" data-element_type=\"widget\" data-e-type=\"widget\" data-widget_type=\"text-editor.default\">\n\t\t\t\t<div class=\"elementor-widget-container\">\n\t\t\t\t\t\t\t\t\t<p>Przeprowadzka to du\u017ce wyzwanie. Pakowanie, transport, organizacja\u2026 \u0142atwo o chaos i stres. Z nami unikniesz nerw\u00f3w \u2013 zajmiemy si\u0119 wszystkim za Ciebie!<\/p><p>\u2705 <strong>Kompleksowa obs\u0142uga<\/strong> \u2013 od wyniesienia po ustawienie mebli w nowym miejscu.<br \/>\u2705 <strong>Bezpieczny transport<\/strong> \u2013 meble, sprz\u0119t AGD, RTV, cenne przedmioty.<br \/>\u2705 <strong>Profesjonalne zabezpieczenie mienia<\/strong> \u2013 folia stretch, pasy, maty ochronne.<br \/>\u2705 <strong>Pomoc przy pakowaniu i rozpakowywaniu<\/strong> \u2013 je\u015bli tego potrzebujesz.<br \/>\u2705 <strong>Szybkie i terminowe realizacje<\/strong> \u2013 dzia\u0142amy sprawnie i bez op\u00f3\u017anie\u0144.<br \/>\u2705 <strong>Elastyczne terminy i konkurencyjne ceny<\/strong> \u2013 dostosowujemy si\u0119 do Twoich potrzeb.<\/p><p>\ud83d\ude9b <strong>Przewozimy Twoje rzeczy na terenie Niemiec i Holandii!<\/strong><\/p><p>\ud83d\udcde Zadzwo\u0144 i zarezerwuj termin ju\u017c dzi\u015b!<\/p>\t\t\t\t\t\t\t\t<\/div>\n\t\t\t\t<\/div>\n\t\t\t\t<\/div>\n\t\t<div class=\"elementor-element elementor-element-e356261 e-con-full e-flex e-con e-child\" data-id=\"e356261\" data-element_type=\"container\" data-e-type=\"container\" data-settings=\"{&quot;background_background&quot;:&quot;classic&quot;}\">\n\t\t\t\t<\/div>\n\t\t\t\t<\/div>\n\t\t\t\t<\/div>\n\t\t","protected":false},"excerpt":{"rendered":"<p>KACZMAREK +49 157 740 76 076 Main Menu Home Polish German Polish Dutch English Nasze us\u0142ugi Autoholowanie Mechanika pojazdowa Wynajem aut Przeprowadzki Pomoc przy zakupie aut Kontakt Bezstresowe przeprowadzki. Przeprowadzka to du\u017ce wyzwanie. Pakowanie, transport, organizacja\u2026 \u0142atwo o chaos i stres. Z nami unikniesz nerw\u00f3w \u2013 zajmiemy si\u0119 wszystkim za Ciebie! \u2705 Kompleksowa obs\u0142uga \u2013&hellip;&nbsp;<a href=\"https:\/\/abschleppdienst.com.pl\/de\/przeprowadzki\/\" rel=\"bookmark\"><span class=\"screen-reader-text\">Umz\u00fcge<\/span><\/a><\/p>","protected":false},"author":1,"featured_media":0,"parent":0,"menu_order":0,"comment_status":"closed","ping_status":"closed","template":"elementor_canvas","meta":{"neve_meta_sidebar":"","neve_meta_container":"","neve_meta_enable_content_width":"","neve_meta_content_width":0,"neve_meta_title_alignment":"","neve_meta_author_avatar":"","neve_post_elements_order":"","neve_meta_disable_header":"","neve_meta_disable_footer":"","neve_meta_disable_title":"","footnotes":""},"class_list":["post-218","page","type-page","status-publish","hentry"],"_links":{"self":[{"href":"https:\/\/abschleppdienst.com.pl\/de\/wp-json\/wp\/v2\/pages\/218","targetHints":{"allow":["GET"]}}],"collection":[{"href":"https:\/\/abschleppdienst.com.pl\/de\/wp-json\/wp\/v2\/pages"}],"about":[{"href":"https:\/\/abschleppdienst.com.pl\/de\/wp-json\/wp\/v2\/types\/page"}],"author":[{"embeddable":true,"href":"https:\/\/abschleppdienst.com.pl\/de\/wp-json\/wp\/v2\/users\/1"}],"replies":[{"embeddable":true,"href":"https:\/\/abschleppdienst.com.pl\/de\/wp-json\/wp\/v2\/comments?post=218"}],"version-history":[{"count":25,"href":"https:\/\/abschleppdienst.com.pl\/de\/wp-json\/wp\/v2\/pages\/218\/revisions"}],"predecessor-version":[{"id":554,"href":"https:\/\/abschleppdienst.com.pl\/de\/wp-json\/wp\/v2\/pages\/218\/revisions\/554"}],"wp:attachment":[{"href":"https:\/\/abschleppdienst.com.pl\/de\/wp-json\/wp\/v2\/media?parent=218"}],"curies":[{"name":"wp","href":"https:\/\/api.w.org\/{rel}","templated":true}]}}