{"id":170,"date":"2025-03-20T08:02:59","date_gmt":"2025-03-20T08:02:59","guid":{"rendered":"https:\/\/abschleppdienst.com.pl\/?page_id=170"},"modified":"2025-03-26T12:25:08","modified_gmt":"2025-03-26T12:25:08","slug":"car-check1","status":"publish","type":"page","link":"https:\/\/abschleppdienst.com.pl\/nl\/car-check1\/","title":{"rendered":"car-check1"},"content":{"rendered":"<div data-elementor-type=\"wp-page\" data-elementor-id=\"170\" class=\"elementor elementor-170\" data-elementor-post-type=\"page\">\n\t\t\t\t<div class=\"elementor-element elementor-element-a272ce6 e-con-full e-flex e-con e-parent\" data-id=\"a272ce6\" data-element_type=\"container\" data-e-type=\"container\" data-settings=\"{&quot;background_background&quot;:&quot;classic&quot;}\">\n\t\t<div class=\"elementor-element elementor-element-297731ab e-con-full e-flex e-con e-child\" data-id=\"297731ab\" data-element_type=\"container\" data-e-type=\"container\">\n\t\t\t\t<div class=\"elementor-element elementor-element-365e47a elementor-invisible elementor-widget elementor-widget-image\" data-id=\"365e47a\" data-element_type=\"widget\" data-e-type=\"widget\" data-settings=\"{&quot;_animation&quot;:&quot;fadeIn&quot;,&quot;_animation_delay&quot;:200}\" data-widget_type=\"image.default\">\n\t\t\t\t<div class=\"elementor-widget-container\">\n\t\t\t\t\t\t\t\t\t\t\t\t\t\t\t<img fetchpriority=\"high\" decoding=\"async\" width=\"800\" height=\"600\" src=\"https:\/\/abschleppdienst.com.pl\/wp-content\/uploads\/2025\/03\/V3.png\" class=\"attachment-large size-large wp-image-20\" alt=\"\" srcset=\"https:\/\/abschleppdienst.com.pl\/wp-content\/uploads\/2025\/03\/V3.png 800w, https:\/\/abschleppdienst.com.pl\/wp-content\/uploads\/2025\/03\/V3-300x225.png 300w, https:\/\/abschleppdienst.com.pl\/wp-content\/uploads\/2025\/03\/V3-768x576.png 768w\" sizes=\"(max-width: 800px) 100vw, 800px\" \/>\t\t\t\t\t\t\t\t\t\t\t\t\t\t\t<\/div>\n\t\t\t\t<\/div>\n\t\t\t\t<div class=\"elementor-element elementor-element-7ec50a6d elementor-invisible elementor-widget elementor-widget-heading\" data-id=\"7ec50a6d\" data-element_type=\"widget\" data-e-type=\"widget\" data-settings=\"{&quot;_animation&quot;:&quot;fadeIn&quot;,&quot;_animation_delay&quot;:400}\" data-widget_type=\"heading.default\">\n\t\t\t\t<div class=\"elementor-widget-container\">\n\t\t\t\t\t<h2 class=\"elementor-heading-title elementor-size-default\">KACZMAREK<\/h2>\t\t\t\t<\/div>\n\t\t\t\t<\/div>\n\t\t\t\t<div class=\"elementor-element elementor-element-c5f9e02 elementor-widget elementor-widget-heading\" data-id=\"c5f9e02\" data-element_type=\"widget\" data-e-type=\"widget\" data-widget_type=\"heading.default\">\n\t\t\t\t<div class=\"elementor-widget-container\">\n\t\t\t\t\t<h2 class=\"elementor-heading-title elementor-size-default\">+49 157 740 76 076<\/h2>\t\t\t\t<\/div>\n\t\t\t\t<\/div>\n\t\t\t\t<\/div>\n\t\t\t\t<\/div>\n\t\t<div class=\"elementor-element elementor-element-ae71987 e-con-full e-flex e-con e-parent\" data-id=\"ae71987\" data-element_type=\"container\" data-e-type=\"container\">\n\t\t\t\t<div class=\"elementor-element elementor-element-3021790 uael-nav-menu__align-right uael-submenu-open-hover uael-submenu-icon-arrow uael-submenu-animation-none uael-link-redirect-child uael-nav-menu__breakpoint-tablet uael-nav-menu-toggle-label-no elementor-widget elementor-widget-global elementor-global-317 elementor-widget-uael-nav-menu\" data-id=\"3021790\" data-element_type=\"widget\" data-e-type=\"widget\" data-settings=\"{&quot;distance_from_menu&quot;:{&quot;unit&quot;:&quot;px&quot;,&quot;size&quot;:&quot;&quot;,&quot;sizes&quot;:[]},&quot;distance_from_menu_tablet&quot;:{&quot;unit&quot;:&quot;px&quot;,&quot;size&quot;:&quot;&quot;,&quot;sizes&quot;:[]},&quot;distance_from_menu_mobile&quot;:{&quot;unit&quot;:&quot;px&quot;,&quot;size&quot;:&quot;&quot;,&quot;sizes&quot;:[]}}\" data-widget_type=\"uael-nav-menu.default\">\n\t\t\t\t<div class=\"elementor-widget-container\">\n\t\t\t\t\t\t\t<div class=\"uael-nav-menu uael-layout-horizontal uael-nav-menu-layout uael-pointer__none\" data-layout=\"horizontal\">\n\t\t\t\t<div role=\"button\" class=\"uael-nav-menu__toggle elementor-clickable\">\n\t\t\t\t\t<span class=\"screen-reader-text\">Hoofdmenu<\/span>\n\t\t\t\t\t<div class=\"uael-nav-menu-icon\">\n\t\t\t\t\t\t<svg aria-hidden=\"true\" class=\"e-font-icon-svg e-fas-align-justify\" viewbox=\"0 0 448 512\" xmlns=\"http:\/\/www.w3.org\/2000\/svg\"><path d=\"M432 416H16a16 16 0 0 0-16 16v32a16 16 0 0 0 16 16h416a16 16 0 0 0 16-16v-32a16 16 0 0 0-16-16zm0-128H16a16 16 0 0 0-16 16v32a16 16 0 0 0 16 16h416a16 16 0 0 0 16-16v-32a16 16 0 0 0-16-16zm0-128H16a16 16 0 0 0-16 16v32a16 16 0 0 0 16 16h416a16 16 0 0 0 16-16v-32a16 16 0 0 0-16-16zm0-128H16A16 16 0 0 0 0 48v32a16 16 0 0 0 16 16h416a16 16 0 0 0 16-16V48a16 16 0 0 0-16-16z\"><\/path><\/svg>\t\t\t\t\t<\/div>\n\t\t\t\t\t\t\t\t\t<\/div>\n\t\t\t\t\t\t\t<nav class=\"uael-nav-menu__layout-horizontal uael-nav-menu__submenu-arrow\" data-toggle-icon=\"&lt;svg aria-hidden=&quot;true&quot; class=&quot;e-font-icon-svg e-fas-align-justify&quot; viewBox=&quot;0 0 448 512&quot; xmlns=&quot;http:\/\/www.w3.org\/2000\/svg&quot;&gt;&lt;path d=&quot;M432 416H16a16 16 0 0 0-16 16v32a16 16 0 0 0 16 16h416a16 16 0 0 0 16-16v-32a16 16 0 0 0-16-16zm0-128H16a16 16 0 0 0-16 16v32a16 16 0 0 0 16 16h416a16 16 0 0 0 16-16v-32a16 16 0 0 0-16-16zm0-128H16a16 16 0 0 0-16 16v32a16 16 0 0 0 16 16h416a16 16 0 0 0 16-16v-32a16 16 0 0 0-16-16zm0-128H16A16 16 0 0 0 0 48v32a16 16 0 0 0 16 16h416a16 16 0 0 0 16-16V48a16 16 0 0 0-16-16z&quot;&gt;&lt;\/path&gt;&lt;\/svg&gt;\" data-close-icon=\"&lt;svg aria-hidden=&quot;true&quot; class=&quot;e-font-icon-svg e-far-window-close&quot; viewBox=&quot;0 0 512 512&quot; xmlns=&quot;http:\/\/www.w3.org\/2000\/svg&quot;&gt;&lt;path d=&quot;M464 32H48C21.5 32 0 53.5 0 80v352c0 26.5 21.5 48 48 48h416c26.5 0 48-21.5 48-48V80c0-26.5-21.5-48-48-48zm0 394c0 3.3-2.7 6-6 6H54c-3.3 0-6-2.7-6-6V86c0-3.3 2.7-6 6-6h404c3.3 0 6 2.7 6 6v340zM356.5 194.6L295.1 256l61.4 61.4c4.6 4.6 4.6 12.1 0 16.8l-22.3 22.3c-4.6 4.6-12.1 4.6-16.8 0L256 295.1l-61.4 61.4c-4.6 4.6-12.1 4.6-16.8 0l-22.3-22.3c-4.6-4.6-4.6-12.1 0-16.8l61.4-61.4-61.4-61.4c-4.6-4.6-4.6-12.1 0-16.8l22.3-22.3c4.6-4.6 12.1-4.6 16.8 0l61.4 61.4 61.4-61.4c4.6-4.6 12.1-4.6 16.8 0l22.3 22.3c4.7 4.6 4.7 12.1 0 16.8z&quot;&gt;&lt;\/path&gt;&lt;\/svg&gt;\" data-full-width=\"yes\"><ul id=\"menu-1-3021790\" class=\"uael-nav-menu\"><li id=\"menu-item-441\" class=\"menu-item menu-item-type-post_type menu-item-object-page menu-item-home parent uael-creative-menu\"><a href=\"https:\/\/abschleppdienst.com.pl\/nl\/\" class = \"uael-menu-item\">Home<\/a><\/li>\n<li id=\"menu-item-509\" class=\"trp-language-switcher-container menu-item menu-item-type-post_type menu-item-object-language_switcher menu-item-has-children current-language-menu-item parent uael-has-submenu uael-creative-menu\"><div class=\"uael-has-submenu-container\"><a href=\"https:\/\/abschleppdienst.com.pl\/nl\/wp-json\/wp\/v2\/pages\/170\" class = \"uael-menu-item\"><span data-no-translation><img decoding=\"async\" class=\"trp-flag-image\" src=\"https:\/\/abschleppdienst.com.pl\/wp-content\/plugins\/translatepress-multilingual\/assets\/images\/flags\/nl_NL.png\" width=\"18\" height=\"12\" alt=\"nl_NL\" title=\"Dutch\"><span class=\"trp-ls-language-name\">Dutch<\/span><\/span><span class='uael-menu-toggle sub-arrow uael-menu-child-0'><i class='fa'><\/i><\/span><\/a><\/div>\n<ul class=\"sub-menu\">\n\t<li id=\"menu-item-510\" class=\"trp-language-switcher-container menu-item menu-item-type-post_type menu-item-object-language_switcher current-language-menu-item uael-creative-menu\"><a href=\"https:\/\/abschleppdienst.com.pl\/nl\/wp-json\/wp\/v2\/pages\/170\" class = \"uael-sub-menu-item\"><span data-no-translation><img decoding=\"async\" class=\"trp-flag-image\" src=\"https:\/\/abschleppdienst.com.pl\/wp-content\/plugins\/translatepress-multilingual\/assets\/images\/flags\/de_DE.png\" width=\"18\" height=\"12\" alt=\"de_DE\" title=\"German\"><span class=\"trp-ls-language-name\">German<\/span><\/span><\/a><\/li>\n\t<li id=\"menu-item-511\" class=\"trp-language-switcher-container menu-item menu-item-type-post_type menu-item-object-language_switcher current-language-menu-item uael-creative-menu\"><a href=\"https:\/\/abschleppdienst.com.pl\/nl\/wp-json\/wp\/v2\/pages\/170\" class = \"uael-sub-menu-item\"><span data-no-translation><img loading=\"lazy\" decoding=\"async\" class=\"trp-flag-image\" src=\"https:\/\/abschleppdienst.com.pl\/wp-content\/plugins\/translatepress-multilingual\/assets\/images\/flags\/pl_PL.png\" width=\"18\" height=\"12\" alt=\"pl_PL\" title=\"Polish\"><span class=\"trp-ls-language-name\">Polish<\/span><\/span><\/a><\/li>\n\t<li id=\"menu-item-507\" class=\"trp-language-switcher-container menu-item menu-item-type-post_type menu-item-object-language_switcher current-language-menu-item uael-creative-menu\"><a href=\"https:\/\/abschleppdienst.com.pl\/nl\/wp-json\/wp\/v2\/pages\/170\" class = \"uael-sub-menu-item\"><span data-no-translation><img loading=\"lazy\" decoding=\"async\" class=\"trp-flag-image\" src=\"https:\/\/abschleppdienst.com.pl\/wp-content\/plugins\/translatepress-multilingual\/assets\/images\/flags\/en_US.png\" width=\"18\" height=\"12\" alt=\"en_US\" title=\"English\"><span class=\"trp-ls-language-name\">English<\/span><\/span><\/a><\/li>\n<\/ul>\n<\/li>\n<li id=\"menu-item-448\" class=\"menu-item menu-item-type-custom menu-item-object-custom menu-item-has-children parent uael-has-submenu uael-creative-menu\"><div class=\"uael-has-submenu-container\"><a href=\"#\" class = \"uael-menu-item\">Onze diensten<span class='uael-menu-toggle sub-arrow uael-menu-child-0'><i class='fa'><\/i><\/span><\/a><\/div>\n<ul class=\"sub-menu\">\n\t<li id=\"menu-item-443\" class=\"menu-item menu-item-type-post_type menu-item-object-page uael-creative-menu\"><a href=\"https:\/\/abschleppdienst.com.pl\/nl\/holowanie\/\" class = \"uael-sub-menu-item\">Auto slepen<\/a><\/li>\n\t<li id=\"menu-item-445\" class=\"menu-item menu-item-type-post_type menu-item-object-page uael-creative-menu\"><a href=\"https:\/\/abschleppdienst.com.pl\/nl\/mechanika\/\" class = \"uael-sub-menu-item\">Voertuigmonteurs<\/a><\/li>\n\t<li id=\"menu-item-447\" class=\"menu-item menu-item-type-post_type menu-item-object-page uael-creative-menu\"><a href=\"https:\/\/abschleppdienst.com.pl\/nl\/rezerwacja\/\" class = \"uael-sub-menu-item\">Autoverhuur<\/a><\/li>\n\t<li id=\"menu-item-446\" class=\"menu-item menu-item-type-post_type menu-item-object-page uael-creative-menu\"><a href=\"https:\/\/abschleppdienst.com.pl\/nl\/przeprowadzki\/\" class = \"uael-sub-menu-item\">Verhuizingen<\/a><\/li>\n\t<li id=\"menu-item-442\" class=\"menu-item menu-item-type-post_type menu-item-object-page uael-creative-menu\"><a href=\"https:\/\/abschleppdienst.com.pl\/nl\/car-check1\/\" class = \"uael-sub-menu-item\">Hulp bij de aankoop van auto's<\/a><\/li>\n<\/ul>\n<\/li>\n<li id=\"menu-item-444\" class=\"menu-item menu-item-type-post_type menu-item-object-page parent uael-creative-menu\"><a href=\"https:\/\/abschleppdienst.com.pl\/nl\/kontakt\/\" class = \"uael-menu-item\">Neem contact op met<\/a><\/li>\n<\/ul><\/nav>\n\t\t\t\t\t<\/div>\n\t\t\t\t\t\t\t<\/div>\n\t\t\t\t<\/div>\n\t\t\t\t<div class=\"elementor-element elementor-element-2170fc5 elementor-widget elementor-widget-heading\" data-id=\"2170fc5\" data-element_type=\"widget\" data-e-type=\"widget\" data-widget_type=\"heading.default\">\n\t\t\t\t<div class=\"elementor-widget-container\">\n\t\t\t\t\t<h2 class=\"elementor-heading-title elementor-size-default\">Professionele hulp bij de aankoop van tweedehands auto's.<\/h2>\t\t\t\t<\/div>\n\t\t\t\t<\/div>\n\t\t\t\t<\/div>\n\t\t<div class=\"elementor-element elementor-element-c011560 e-con-full e-flex e-con e-parent\" data-id=\"c011560\" data-element_type=\"container\" data-e-type=\"container\">\n\t\t<div class=\"elementor-element elementor-element-6b12738 e-con-full e-flex e-con e-child\" data-id=\"6b12738\" data-element_type=\"container\" data-e-type=\"container\">\n\t\t\t\t<div class=\"elementor-element elementor-element-b9ff5be elementor-widget elementor-widget-text-editor\" data-id=\"b9ff5be\" data-element_type=\"widget\" data-e-type=\"widget\" data-widget_type=\"text-editor.default\">\n\t\t\t\t<div class=\"elementor-widget-container\">\n\t\t\t\t\t\t\t\t\t<p>Een tweedehands auto kopen is geen gemakkelijke taak - er liggen veel valkuilen, verborgen gebreken en oneerlijke verkopers op de loer. Met onze professionele hulp kun je een auto kopen zonder stress en zonder risico!<\/p><p>\u2705 <strong>Grondige controle van de technische staat<\/strong> - We controleren de motor, de elektronica, het remsysteem, de ophanging en andere belangrijke onderdelen.<br \/>\u2705 <strong>Geschiedenis<\/strong> - we analyseren databaserapporten, detecteren omgekeerde meters en verborgen schade.<br \/>\u2705 <strong>Inspectie ter plaatse<\/strong> - We inspecteren de auto persoonlijk, maken foto's en geven advies over de koopwaardigheid.<br \/>\u2705 <strong>Proefrit en prijsonderhandeling<\/strong> - wij helpen je de beste prijs te krijgen.<\/p><p>Vertrouw op de specialisten en koop met vertrouwen!<\/p><p>\ud83d\udcde Neem nu contact met ons op voor een afspraak<\/p>\t\t\t\t\t\t\t\t<\/div>\n\t\t\t\t<\/div>\n\t\t\t\t<\/div>\n\t\t<div class=\"elementor-element elementor-element-b1de16e e-con-full e-flex e-con e-child\" data-id=\"b1de16e\" data-element_type=\"container\" data-e-type=\"container\" data-settings=\"{&quot;background_background&quot;:&quot;classic&quot;}\">\n\t\t\t\t<\/div>\n\t\t\t\t<\/div>\n\t\t\t\t<\/div>","protected":false},"excerpt":{"rendered":"<p>KACZMAREK +49 157 740 76 076 Main Menu Home Polish German Polish Dutch English Nasze us\u0142ugi Autoholowanie Mechanika pojazdowa Wynajem aut Przeprowadzki Pomoc przy zakupie aut Kontakt Fachowa pomoc przy zakupie u\u017cywanych aut. Zakup u\u017cywanego samochodu to nie\u0142atwe zadanie \u2013 czyha wiele pu\u0142apek, ukrytych usterek i nieuczciwych sprzedawc\u00f3w. Dzi\u0119ki naszej fachowej pomocy mo\u017cesz kupi\u0107 auto&hellip;&nbsp;<\/p>","protected":false},"author":1,"featured_media":0,"parent":0,"menu_order":0,"comment_status":"closed","ping_status":"closed","template":"elementor_canvas","meta":{"neve_meta_sidebar":"","neve_meta_container":"","neve_meta_enable_content_width":"","neve_meta_content_width":0,"neve_meta_title_alignment":"","neve_meta_author_avatar":"","neve_post_elements_order":"","neve_meta_disable_header":"","neve_meta_disable_footer":"","neve_meta_disable_title":"","footnotes":""},"class_list":["post-170","page","type-page","status-publish","hentry"],"_links":{"self":[{"href":"https:\/\/abschleppdienst.com.pl\/nl\/wp-json\/wp\/v2\/pages\/170","targetHints":{"allow":["GET"]}}],"collection":[{"href":"https:\/\/abschleppdienst.com.pl\/nl\/wp-json\/wp\/v2\/pages"}],"about":[{"href":"https:\/\/abschleppdienst.com.pl\/nl\/wp-json\/wp\/v2\/types\/page"}],"author":[{"embeddable":true,"href":"https:\/\/abschleppdienst.com.pl\/nl\/wp-json\/wp\/v2\/users\/1"}],"replies":[{"embeddable":true,"href":"https:\/\/abschleppdienst.com.pl\/nl\/wp-json\/wp\/v2\/comments?post=170"}],"version-history":[{"count":34,"href":"https:\/\/abschleppdienst.com.pl\/nl\/wp-json\/wp\/v2\/pages\/170\/revisions"}],"predecessor-version":[{"id":557,"href":"https:\/\/abschleppdienst.com.pl\/nl\/wp-json\/wp\/v2\/pages\/170\/revisions\/557"}],"wp:attachment":[{"href":"https:\/\/abschleppdienst.com.pl\/nl\/wp-json\/wp\/v2\/media?parent=170"}],"curies":[{"name":"wp","href":"https:\/\/api.w.org\/{rel}","templated":true}]}}